{"id":4636,"date":"2019-10-21T08:47:07","date_gmt":"2019-10-21T08:47:07","guid":{"rendered":"https:\/\/ra-gueler.de\/areas-of-activity\/labor-law\/"},"modified":"2023-08-24T08:02:32","modified_gmt":"2023-08-24T08:02:32","slug":"labor-law","status":"publish","type":"page","link":"https:\/\/ra-gueler.de\/en\/areas-of-activity\/labor-law\/","title":{"rendered":"Labor law"},"content":{"rendered":"<p><section id=\"bt_bb_section69f48dc2df4ec\" class=\"bt_bb_section bt_bb_color_scheme_10 bt_bb_layout_boxed_1200 bt_bb_vertical_align_top bt_bb_top_spacing_large bt_bb_bottom_spacing_large\" style=\"; --section-primary-color:#ffffff; --section-secondary-color:#1a243f;;background-color:#0f1625;\" data-bt-override-class=\"null\"><div class=\"bt_bb_background_image_holder_wrapper\"><div class=\"bt_bb_background_image_holder btLazyLoadBackground\"  data-background_image_src=\"https:\/\/ra-gueler.de\/wp-content\/uploads\/2019\/10\/hero_about_me.jpg\" data-parallax-zoom-start=\"1\" data-parallax-zoom-end=\"1\" data-parallax-blur-start=\"0\" data-parallax-blur-end=\"0\" data-parallax-opacity-start=\"1\" data-parallax-opacity-end=\"1\" style=\" background-image: url(&#039;https:\/\/ra-gueler.de\/wp-content\/plugins\/bold-page-builder\/img\/blank.gif&#039;);\"><\/div><\/div><div class=\"bt_bb_port\"><div class=\"bt_bb_cell\"><div class=\"bt_bb_cell_inner\"><div class=\"bt_bb_row \"  data-bt-override-class=\"{}\"><div class=\"bt_bb_row_holder\" ><div  class=\"bt_bb_column col-xl-3 bt_bb_align_left bt_bb_padding_normal\"  data-width=\"3\" data-bt-override-class=\"{}\"><div class=\"bt_bb_column_content bt_bb_vertical_align_top bt_bb_color_scheme_\"><div class=\"bt_bb_column_content_inner\"><\/div><\/div><\/div><div  class=\"bt_bb_column col-xl-6 bt_bb_align_center bt_bb_padding_50\"  data-width=\"6\" data-bt-override-class=\"{}\"><div class=\"bt_bb_column_content bt_bb_vertical_align_middle bt_bb_color_scheme_\"><div class=\"bt_bb_column_content_inner\"><div class=\"bt_bb_separator bt_bb_border_style_none bt_bb_bottom_spacing_normal bt_bb_hidden_xs bt_bb_hidden_ms bt_bb_hidden_sm\" data-bt-override-class=\"null\"><\/div><header class=\"bt_bb_headline bt_bb_color_scheme_6 bt_bb_dash_none bt_bb_size_normal bt_bb_align_inherit\" style=\"; --primary-color:#ffffff; --secondary-color:#B07C4B;\" data-bt-override-class=\"{&quot;bt_bb_align_&quot;:{&quot;current_class&quot;:&quot;bt_bb_align_inherit&quot;,&quot;def&quot;:&quot;inherit&quot;,&quot;xl&quot;:&quot;inherit&quot;}}\"><h1 class=\"bt_bb_headline_tag\"><span class=\"bt_bb_headline_content\"><span>Lawyer for labor law in D\u00fcsseldorf<\/span><\/span><\/h1><\/header><div class=\"bt_bb_separator bt_bb_border_style_none bt_bb_bottom_spacing_normal bt_bb_hidden_xs bt_bb_hidden_ms bt_bb_hidden_sm\" data-bt-override-class=\"null\"><\/div><\/div><\/div><\/div><div  class=\"bt_bb_column col-xl-3 bt_bb_align_left bt_bb_padding_normal\"  data-width=\"3\" data-bt-override-class=\"{}\"><div class=\"bt_bb_column_content bt_bb_vertical_align_top bt_bb_color_scheme_\"><div class=\"bt_bb_column_content_inner\"><\/div><\/div><\/div><\/div><\/div><\/div><!-- cell_inner --><\/div><!-- cell --><\/div><!-- port --><\/section><section id=\"bt_bb_section69f48dc2dfb37\" class=\"bt_bb_section bt_bb_layout_wide bt_bb_vertical_align_top bt_bb_negative_margin_large\"  data-bt-override-class=\"null\"><div class=\"bt_bb_port\"><div class=\"bt_bb_cell\"><div class=\"bt_bb_cell_inner\"><div class=\"bt_bb_row  bt_bb_layout_special btOverlapLeft\"  data-bt-override-class=\"{}\"><div class=\"bt_bb_row_holder\" ><div  class=\"bt_bb_column col-xl-6 col-xs-12 col-sm-6 col-md-6 col-lg-6 btWithIcon bt_bb_align_right bt_bb_icon_color_scheme_6 bt_bb_padding_normal\" style=\"; --column-icon-primary-color:#ffffff; --column-icon-secondary-color:#B07C4B;\" data-width=\"6\" data-bt-override-class=\"{}\"><div class=\"bt_bb_column_content bt_bb_vertical_align_top bt_bb_color_scheme_\"><div class=\"bt_bb_column_icon\"><span  data-ico-icon7stroke=\"&#xe662;\" class=\"bt_bb_icon_holder\"><\/span><\/div><div class=\"bt_bb_column_content_inner\"><header class=\"bt_bb_headline bt_bb_color_scheme_14 bt_bb_dash_none bt_bb_size_medium bt_bb_align_left\" style=\"; --primary-color:#1a243f; --secondary-color:#B07C4B;\" data-bt-override-class=\"{&quot;bt_bb_align_&quot;:{&quot;current_class&quot;:&quot;bt_bb_align_left&quot;,&quot;def&quot;:&quot;left&quot;,&quot;xl&quot;:&quot;left&quot;}}\"><h2 class=\"bt_bb_headline_tag\"><span class=\"bt_bb_headline_content\"><span>From the employment contract to the reason for termination<br \/><br \/>\n<\/span><\/span><\/h2><\/header><div class=\"bt_bb_separator bt_bb_border_style_none bt_bb_bottom_spacing_normal\" data-bt-override-class=\"null\"><\/div><header class=\"bt_bb_headline bt_bb_color_scheme_14 bt_bb_dash_none bt_bb_size_extrasmall bt_bb_align_left\" style=\"; --primary-color:#1a243f; --secondary-color:#B07C4B;\" data-bt-override-class=\"{&quot;bt_bb_align_&quot;:{&quot;current_class&quot;:&quot;bt_bb_align_left&quot;,&quot;def&quot;:&quot;left&quot;,&quot;xl&quot;:&quot;left&quot;}}\"><h3 class=\"bt_bb_headline_tag\"><span class=\"bt_bb_headline_content\"><span>Comprehensive advice and representation in all labor law matters<br \/><br \/>\n<\/span><\/span><\/h3><\/header><div class=\"bt_bb_separator bt_bb_border_style_none bt_bb_bottom_spacing_normal\" data-bt-override-class=\"null\"><\/div><div  class=\"bt_bb_text\" ><\/p>\n<p style=\"text-align: left;\">Labor law serves to protect employees and regulates the legal relationships between employers and their employees.<\/p>\n<p style=\"text-align: left;\">It includes all laws, ordinances and other binding regulations concerning dependent gainful employment.<\/p>\n<p style=\"text-align: left;\">It is not always easy to keep track of everything. Employment law is a complex and constantly changing field. Not only laws change regularly, but also case law.<\/p>\n<p style=\"text-align: left;\">It is therefore all the more important to have an experienced lawyer at your side if the employment relationship does not run so harmoniously. Whether it is a matter of dismissals, warnings, employment contracts or references &#8211; I will take care of your case. Tough on the issues, but fair in my dealings, I will represent you in the following matters, among others:<\/p>\n<ul>\n<li style=\"text-align: left;\"><a href=\"https:\/\/ra-gueler.de\/en\/areas-of-activity\/labor-law\/representation-after-termination\/\">Representation after dismissal \/ action for protection against dismissal \/ severance negotiations<\/a><\/li>\n<li style=\"text-align: left;\"><a href=\"https:\/\/ra-gueler.de\/aufhebungs-und-abwicklungsvertraegen\/\">Review and drafting of termination agreements and settlement offers<\/a><\/li>\n<li style=\"text-align: left;\"><a href=\"https:\/\/ra-gueler.de\/en\/areas-of-activity\/labor-law\/representation-after-warning\/\">Advice and representation after warning<\/a><\/li>\n<li style=\"text-align: left;\">Legal advice on the conclusion of an employment contract<\/li>\n<li style=\"text-align: left;\">Admissibility of fixed terms<\/li>\n<li style=\"text-align: left;\">Severe disability and equality<\/li>\n<li style=\"text-align: left;\">Design of the workplace (workplace suitable for suffering)<\/li>\n<li style=\"text-align: left;\">Grouping and other salary issues<\/li>\n<\/ul>\n<p style=\"text-align: left;\"><a href=\"https:\/\/www.anwalt.de\/metin-gueler\">To my profile at Anwalt.de<\/a><\/p>\n<p>\n<\/div><div class=\"bt_bb_separator bt_bb_border_style_none bt_bb_bottom_spacing_normal\" data-bt-override-class=\"null\"><\/div><div class=\"bt_bb_button bt_bb_color_scheme_1 bt_bb_style_filled bt_bb_size_small bt_bb_width_full bt_bb_shape_inherit bt_bb_align_left btWithIcon\" style=\"; --button-primary-color:#ffffff; --button-secondary-color:#191919;\" data-bt-override-class=\"{&quot;bt_bb_size_&quot;:{&quot;current_class&quot;:&quot;bt_bb_size_small&quot;,&quot;def&quot;:&quot;small&quot;,&quot;xl&quot;:&quot;small&quot;,&quot;sm&quot;:&quot;large&quot;,&quot;xs&quot;:&quot;large&quot;},&quot;bt_bb_align_&quot;:{&quot;current_class&quot;:&quot;bt_bb_align_left&quot;,&quot;def&quot;:&quot;left&quot;,&quot;xl&quot;:&quot;left&quot;,&quot;sm&quot;:&quot;center&quot;}}\"><a href=\"tel:+4921117809006\" target=\"_self\" class=\"bt_bb_link\" title=\"Call directly &amp; make a non-binding appointment\"><div class=\"bt_bb_icon\"><span  data-ico-fontawesome5solid=\"&#xf095;\" class=\"bt_bb_icon_holder\"><\/span><\/div><div class=\"bt_bb_link\"><span class=\"bt_bb_button_text\">Call directly &amp; make a non-binding appointment<\/span><\/div><\/a><\/div><div class=\"bt_bb_separator bt_bb_border_style_none bt_bb_bottom_spacing_normal\" data-bt-override-class=\"null\"><\/div><header class=\"bt_bb_headline bt_bb_color_scheme_14 bt_bb_dash_none bt_bb_size_extrasmall bt_bb_align_left\" style=\"; --primary-color:#1a243f; --secondary-color:#B07C4B;\" data-bt-override-class=\"{&quot;bt_bb_align_&quot;:{&quot;current_class&quot;:&quot;bt_bb_align_left&quot;,&quot;def&quot;:&quot;left&quot;,&quot;xl&quot;:&quot;left&quot;}}\"><h2 class=\"bt_bb_headline_tag\"><span class=\"bt_bb_headline_content\"><span>6 good reasons for your trust<\/span><\/span><\/h2><\/header><div class=\"bt_bb_separator bt_bb_border_style_none bt_bb_bottom_spacing_small\" data-bt-override-class=\"null\"><\/div><div  class=\"bt_bb_text\" ><\/p>\n<ol>\n<li style=\"text-align: left;\">Experienced through more than 1000 cases in labor law<\/li>\n<li style=\"text-align: left;\">Many years of experience in a renowned law firm for employee law and at DGB Rechtsschutz (trade union)<\/li>\n<li style=\"text-align: left;\">Commitment to employees out of conviction<\/li>\n<li style=\"text-align: left;\">Specialized attorney course for labor law successfully completed<\/li>\n<li style=\"text-align: left;\">Individual support by <span style=\"text-decoration: underline;\">a<\/span> lawyer<\/li>\n<li style=\"text-align: left;\">Appointments at short notice<\/li>\n<\/ol>\n<p style=\"text-align: left;\">\n<pre class=\"ti-widget\"><template id=\"trustindex-google-widget-html\"><div class=\" ti-widget  ti-goog ti-review-text-mode-readmore ti-text-align-left\" data-no-translation=\"true\" data-time-locale=\"vor %d %s|Heute|Tag|Tagen|Woche|Wochen|Monat|Monaten|Jahr|Jahren\" data-plugin-version=\"13.2.9\" data-layout-id=\"29\" data-layout-category=\"button\" data-set-id=\"ligth-border-large\" data-pid=\"\" data-language=\"de\" data-close-locale=\"Schlie\u00dfen\" data-css-version=\"2\" data-size=\"1\"> <div class=\"ti-widget-container\"> <a href=\"https:\/\/admin.trustindex.io\/api\/googleReview?place-id=ChIJIQLF7MbLuEcRKb91hI_dNQg\" role=\"button\" target=\"_blank\" rel=\"noopener nofollow\" class=\"ti-header ti-header-grid source-Google\"> <div class=\"ti-fade-container\"> <div class=\"ti-mob-row\"> <span class=\"nowrap\"><strong>AUSGEZEICHNET<\/strong><\/span> <span class=\"ti-stars\"><trustindex-image class=\"ti-star\" data-imgurl=\"https:\/\/cdn.trustindex.io\/assets\/platform\/Google\/star\/f.svg\" alt=\"Google star 1\" width=\"17\" height=\"17\" loading=\"lazy\"><\/trustindex-image><trustindex-image class=\"ti-star\" data-imgurl=\"https:\/\/cdn.trustindex.io\/assets\/platform\/Google\/star\/f.svg\" alt=\"Google star 2\" width=\"17\" height=\"17\" loading=\"lazy\"><\/trustindex-image><trustindex-image class=\"ti-star\" data-imgurl=\"https:\/\/cdn.trustindex.io\/assets\/platform\/Google\/star\/f.svg\" alt=\"Google star 3\" width=\"17\" height=\"17\" loading=\"lazy\"><\/trustindex-image><trustindex-image class=\"ti-star\" data-imgurl=\"https:\/\/cdn.trustindex.io\/assets\/platform\/Google\/star\/f.svg\" alt=\"Google star 4\" width=\"17\" height=\"17\" loading=\"lazy\"><\/trustindex-image><trustindex-image class=\"ti-star\" data-imgurl=\"https:\/\/cdn.trustindex.io\/assets\/platform\/Google\/star\/f.svg\" alt=\"Google star 5\" width=\"17\" height=\"17\" loading=\"lazy\"><\/trustindex-image><\/span> <\/div> <div class=\"ti-mob-row\"> <div class=\"ti-small-logo\"><trustindex-image data-imgurl=\"https:\/\/ra-gueler.de\/wp-content\/plugins\/wp-reviews-plugin-for-google\/static\/img\/platform\/logo.svg?ver=do-not-care-13.2.9\" alt=\"Google\" width=\"150\" height=\"25\" loading=\"lazy\"><\/trustindex-image><\/div> <\/div> <\/div> <\/a> <\/div> <\/div> <\/template><\/pre>\n<div data-src=\"https:\/\/cdn.trustindex.io\/loader.js?wp-widget\" data-template-id=\"trustindex-google-widget-html\" data-css-url=\"https:\/\/ra-gueler.de\/wp-content\/uploads\/trustindex-google-widget.css?1762884477\"><\/div>\n<\/p>\n<p>\n<\/div><\/div><\/div><\/div><div  class=\"bt_bb_column col-xl-6 col-xs-12 col-sm-6 col-md-6 col-lg-6 bt_bb_align_left bt_bb_color_scheme_10 bt_bb_padding_normal\" style=\"; --column-primary-color:#ffffff; --column-secondary-color:#1a243f;\" data-width=\"6\" data-bt-override-class=\"{}\"><div class=\"bt_bb_column_content bt_bb_vertical_align_top bt_bb_color_scheme_10\"><div class=\"bt_bb_column_content_inner\"><div class=\"bt_bb_service bt_bb_color_scheme_4 bt_bb_style_borderless bt_bb_size_xlarge bt_bb_shape_square bt_bb_align_left bt_bb_title_color_scheme_4\" style=\"; --service-primary-color:#B07C4B; --service-secondary-color:#ffffff;; --service-title-primary-color:#B07C4B; --service-title-secondary-color:#ffffff;\"><span  data-ico-essential=\"&#xe9f7;\" class=\"bt_bb_icon_holder\"><\/span><div class=\"bt_bb_service_content\"><div class=\"bt_bb_service_content_title\">PROVEN SOLUTIONS THROUGH EXPERIENCE<\/div><div class=\"bt_bb_service_content_text\">You don&apos;t always have to reinvent the wheel. You just have to get it rolling. Better to have done it before.  <\/div><\/div><\/div><div class=\"bt_bb_separator bt_bb_border_style_none bt_bb_bottom_spacing_35\" data-bt-override-class=\"null\"><\/div><div class=\"bt_bb_service bt_bb_color_scheme_4 bt_bb_style_borderless bt_bb_size_xlarge bt_bb_shape_square bt_bb_align_left bt_bb_title_color_scheme_4\" style=\"; --service-primary-color:#B07C4B; --service-secondary-color:#ffffff;; --service-title-primary-color:#B07C4B; --service-title-secondary-color:#ffffff;\"><span  data-ico-icon7stroke=\"&#xe602;\" class=\"bt_bb_icon_holder\"><\/span><div class=\"bt_bb_service_content\"><div class=\"bt_bb_service_content_title\">GIVE A LIST<\/div><div class=\"bt_bb_service_content_text\">I will gladly give you my ear and develop a full understanding of your problem.  <\/div><\/div><\/div><div class=\"bt_bb_separator bt_bb_border_style_none bt_bb_bottom_spacing_35\" data-bt-override-class=\"null\"><\/div><div class=\"bt_bb_service bt_bb_color_scheme_4 bt_bb_style_borderless bt_bb_size_xlarge bt_bb_shape_square bt_bb_align_left bt_bb_title_color_scheme_4\" style=\"; --service-primary-color:#B07C4B; --service-secondary-color:#ffffff;; --service-title-primary-color:#B07C4B; --service-title-secondary-color:#ffffff;\"><span  data-ico-icon7stroke=\"&#xe6ab;\" class=\"bt_bb_icon_holder\"><\/span><div class=\"bt_bb_service_content\"><div class=\"bt_bb_service_content_title\">RIGHT APPROACH<\/div><div class=\"bt_bb_service_content_text\">I will discuss with you the best way to realize your request. My focus is on realistic goals and the appropriate way to achieve them.  <\/div><\/div><\/div><div class=\"bt_bb_separator bt_bb_border_style_none bt_bb_bottom_spacing_35\" data-bt-override-class=\"null\"><\/div><div class=\"bt_bb_service bt_bb_color_scheme_4 bt_bb_style_borderless bt_bb_size_xlarge bt_bb_shape_square bt_bb_align_left bt_bb_title_color_scheme_4\" style=\"; --service-primary-color:#B07C4B; --service-secondary-color:#ffffff;; --service-title-primary-color:#B07C4B; --service-title-secondary-color:#ffffff;\"><span  data-ico-icon7stroke=\"&#xe60d;\" class=\"bt_bb_icon_holder\"><\/span><div class=\"bt_bb_service_content\"><div class=\"bt_bb_service_content_title\">ALWAYS TRANZPARENT<\/div><div class=\"bt_bb_service_content_text\">Before any activity, you will receive a comprehensive overview of the prospects of success of a possible case and the possible costs that may arise.  <\/div><\/div><\/div><div class=\"bt_bb_separator bt_bb_border_style_none bt_bb_bottom_spacing_35\" data-bt-override-class=\"null\"><\/div><\/div><\/div><\/div><\/div><\/div><\/div><!-- cell_inner --><\/div><!-- cell --><\/div><!-- port --><\/section><\/p>\n","protected":false},"excerpt":{"rendered":"","protected":false},"author":2,"featured_media":0,"parent":4631,"menu_order":0,"comment_status":"closed","ping_status":"closed","template":"","meta":{"footnotes":""},"class_list":["post-4636","page","type-page","status-publish","hentry"],"yoast_head":"<!-- This site is optimized with the Yoast SEO plugin v27.5 - https:\/\/yoast.com\/product\/yoast-seo-wordpress\/ -->\n<title>Labor law in D\u00fcsseldorf Metin G\u00fcler - Rechtsanwalt<\/title>\n<meta name=\"description\" content=\"Employment law in D\u00fcsseldorf: From employment contract to termination: Holistic advice and representation in all matters of labor law\" \/>\n<meta name=\"robots\" content=\"index, follow, max-snippet:-1, max-image-preview:large, max-video-preview:-1\" \/>\n<link rel=\"canonical\" href=\"https:\/\/ra-gueler.de\/en\/areas-of-activity\/labor-law\/\" \/>\n<meta property=\"og:locale\" content=\"en_US\" \/>\n<meta property=\"og:type\" content=\"article\" \/>\n<meta property=\"og:title\" content=\"Labor law in D\u00fcsseldorf Metin G\u00fcler - Rechtsanwalt\" \/>\n<meta property=\"og:description\" content=\"Employment law in D\u00fcsseldorf: From employment contract to termination: Holistic advice and representation in all matters of labor law\" \/>\n<meta property=\"og:url\" content=\"https:\/\/ra-gueler.de\/en\/areas-of-activity\/labor-law\/\" \/>\n<meta property=\"og:site_name\" content=\"Metin G\u00fcler - Rechtsanwalt\" \/>\n<meta property=\"article:modified_time\" content=\"2023-08-24T08:02:32+00:00\" \/>\n<meta name=\"twitter:card\" content=\"summary_large_image\" \/>\n<meta name=\"twitter:label1\" content=\"Est. reading time\" \/>\n\t<meta name=\"twitter:data1\" content=\"8 minutes\" \/>\n<script type=\"application\/ld+json\" class=\"yoast-schema-graph\">{\"@context\":\"https:\\\/\\\/schema.org\",\"@graph\":[{\"@type\":\"WebPage\",\"@id\":\"https:\\\/\\\/ra-gueler.de\\\/en\\\/areas-of-activity\\\/labor-law\\\/\",\"url\":\"https:\\\/\\\/ra-gueler.de\\\/en\\\/areas-of-activity\\\/labor-law\\\/\",\"name\":\"Labor law in D\u00fcsseldorf Metin G\u00fcler - Rechtsanwalt\",\"isPartOf\":{\"@id\":\"https:\\\/\\\/ra-gueler.de\\\/#website\"},\"datePublished\":\"2019-10-21T08:47:07+00:00\",\"dateModified\":\"2023-08-24T08:02:32+00:00\",\"description\":\"Employment law in D\u00fcsseldorf: From employment contract to termination: Holistic advice and representation in all matters of labor law\",\"breadcrumb\":{\"@id\":\"https:\\\/\\\/ra-gueler.de\\\/en\\\/areas-of-activity\\\/labor-law\\\/#breadcrumb\"},\"inLanguage\":\"en-US\",\"potentialAction\":[{\"@type\":\"ReadAction\",\"target\":[\"https:\\\/\\\/ra-gueler.de\\\/en\\\/areas-of-activity\\\/labor-law\\\/\"]}]},{\"@type\":\"BreadcrumbList\",\"@id\":\"https:\\\/\\\/ra-gueler.de\\\/en\\\/areas-of-activity\\\/labor-law\\\/#breadcrumb\",\"itemListElement\":[{\"@type\":\"ListItem\",\"position\":1,\"name\":\"Startseite\",\"item\":\"https:\\\/\\\/ra-gueler.de\\\/\"},{\"@type\":\"ListItem\",\"position\":2,\"name\":\"Areas of activity\",\"item\":\"https:\\\/\\\/ra-gueler.de\\\/en\\\/areas-of-activity\\\/\"},{\"@type\":\"ListItem\",\"position\":3,\"name\":\"Labor law\"}]},{\"@type\":\"WebSite\",\"@id\":\"https:\\\/\\\/ra-gueler.de\\\/#website\",\"url\":\"https:\\\/\\\/ra-gueler.de\\\/\",\"name\":\"Metin G\u00fcler - Rechtsanwalt\",\"description\":\"Rechtsanwalt Metin G\u00fcler\",\"potentialAction\":[{\"@type\":\"SearchAction\",\"target\":{\"@type\":\"EntryPoint\",\"urlTemplate\":\"https:\\\/\\\/ra-gueler.de\\\/?s={search_term_string}\"},\"query-input\":{\"@type\":\"PropertyValueSpecification\",\"valueRequired\":true,\"valueName\":\"search_term_string\"}}],\"inLanguage\":\"en-US\"}]}<\/script>\n<!-- \/ Yoast SEO plugin. -->","yoast_head_json":{"title":"Labor law in D\u00fcsseldorf Metin G\u00fcler - Rechtsanwalt","description":"Employment law in D\u00fcsseldorf: From employment contract to termination: Holistic advice and representation in all matters of labor law","robots":{"index":"index","follow":"follow","max-snippet":"max-snippet:-1","max-image-preview":"max-image-preview:large","max-video-preview":"max-video-preview:-1"},"canonical":"https:\/\/ra-gueler.de\/en\/areas-of-activity\/labor-law\/","og_locale":"en_US","og_type":"article","og_title":"Labor law in D\u00fcsseldorf Metin G\u00fcler - Rechtsanwalt","og_description":"Employment law in D\u00fcsseldorf: From employment contract to termination: Holistic advice and representation in all matters of labor law","og_url":"https:\/\/ra-gueler.de\/en\/areas-of-activity\/labor-law\/","og_site_name":"Metin G\u00fcler - Rechtsanwalt","article_modified_time":"2023-08-24T08:02:32+00:00","twitter_card":"summary_large_image","twitter_misc":{"Est. reading time":"8 minutes"},"schema":{"@context":"https:\/\/schema.org","@graph":[{"@type":"WebPage","@id":"https:\/\/ra-gueler.de\/en\/areas-of-activity\/labor-law\/","url":"https:\/\/ra-gueler.de\/en\/areas-of-activity\/labor-law\/","name":"Labor law in D\u00fcsseldorf Metin G\u00fcler - Rechtsanwalt","isPartOf":{"@id":"https:\/\/ra-gueler.de\/#website"},"datePublished":"2019-10-21T08:47:07+00:00","dateModified":"2023-08-24T08:02:32+00:00","description":"Employment law in D\u00fcsseldorf: From employment contract to termination: Holistic advice and representation in all matters of labor law","breadcrumb":{"@id":"https:\/\/ra-gueler.de\/en\/areas-of-activity\/labor-law\/#breadcrumb"},"inLanguage":"en-US","potentialAction":[{"@type":"ReadAction","target":["https:\/\/ra-gueler.de\/en\/areas-of-activity\/labor-law\/"]}]},{"@type":"BreadcrumbList","@id":"https:\/\/ra-gueler.de\/en\/areas-of-activity\/labor-law\/#breadcrumb","itemListElement":[{"@type":"ListItem","position":1,"name":"Startseite","item":"https:\/\/ra-gueler.de\/"},{"@type":"ListItem","position":2,"name":"Areas of activity","item":"https:\/\/ra-gueler.de\/en\/areas-of-activity\/"},{"@type":"ListItem","position":3,"name":"Labor law"}]},{"@type":"WebSite","@id":"https:\/\/ra-gueler.de\/#website","url":"https:\/\/ra-gueler.de\/","name":"Metin G\u00fcler - Rechtsanwalt","description":"Rechtsanwalt Metin G\u00fcler","potentialAction":[{"@type":"SearchAction","target":{"@type":"EntryPoint","urlTemplate":"https:\/\/ra-gueler.de\/?s={search_term_string}"},"query-input":{"@type":"PropertyValueSpecification","valueRequired":true,"valueName":"search_term_string"}}],"inLanguage":"en-US"}]}},"_links":{"self":[{"href":"https:\/\/ra-gueler.de\/en\/wp-json\/wp\/v2\/pages\/4636","targetHints":{"allow":["GET"]}}],"collection":[{"href":"https:\/\/ra-gueler.de\/en\/wp-json\/wp\/v2\/pages"}],"about":[{"href":"https:\/\/ra-gueler.de\/en\/wp-json\/wp\/v2\/types\/page"}],"author":[{"embeddable":true,"href":"https:\/\/ra-gueler.de\/en\/wp-json\/wp\/v2\/users\/2"}],"replies":[{"embeddable":true,"href":"https:\/\/ra-gueler.de\/en\/wp-json\/wp\/v2\/comments?post=4636"}],"version-history":[{"count":3,"href":"https:\/\/ra-gueler.de\/en\/wp-json\/wp\/v2\/pages\/4636\/revisions"}],"predecessor-version":[{"id":4678,"href":"https:\/\/ra-gueler.de\/en\/wp-json\/wp\/v2\/pages\/4636\/revisions\/4678"}],"up":[{"embeddable":true,"href":"https:\/\/ra-gueler.de\/en\/wp-json\/wp\/v2\/pages\/4631"}],"wp:attachment":[{"href":"https:\/\/ra-gueler.de\/en\/wp-json\/wp\/v2\/media?parent=4636"}],"curies":[{"name":"wp","href":"https:\/\/api.w.org\/{rel}","templated":true}]}}